{"id":1395,"date":"2024-10-22T15:16:10","date_gmt":"2024-10-22T19:16:10","guid":{"rendered":"https:\/\/benevolatlaval.qc.ca\/activites-et-evenements\/"},"modified":"2024-10-22T16:41:27","modified_gmt":"2024-10-22T20:41:27","slug":"activites-et-evenements","status":"publish","type":"page","link":"https:\/\/benevolatlaval.qc.ca\/en\/activites-et-evenements\/","title":{"rendered":"Activities and Events"},"content":{"rendered":"","protected":false},"excerpt":{"rendered":"","protected":false},"author":1,"featured_media":0,"parent":0,"menu_order":0,"comment_status":"closed","ping_status":"closed","template":"","meta":{"_acf_changed":false,"footnotes":""},"class_list":["post-1395","page","type-page","status-publish","hentry"],"acf":[],"yoast_head":"<!-- This site is optimized with the Yoast SEO plugin v27.4 - https:\/\/yoast.com\/product\/yoast-seo-wordpress\/ -->\n<title>Activit\u00e9s annuelles du Centre de b\u00e9n\u00e9volat et moisson Laval<\/title>\n<meta name=\"description\" content=\"D\u00e9couvrez les diff\u00e9rentes campagnes et les programmes du Centre de b\u00e9n\u00e9volat et Moisson Laval\" \/>\n<meta name=\"robots\" content=\"index, follow, max-snippet:-1, max-image-preview:large, max-video-preview:-1\" \/>\n<link rel=\"canonical\" href=\"https:\/\/benevolatlaval.qc.ca\/en\/activites-et-evenements\/\" \/>\n<meta property=\"og:locale\" content=\"en_US\" \/>\n<meta property=\"og:type\" content=\"article\" \/>\n<meta property=\"og:title\" content=\"Activit\u00e9s annuelles du Centre de b\u00e9n\u00e9volat et moisson Laval\" \/>\n<meta property=\"og:description\" content=\"Campagnes et programmes pour contrer l\u2019ins\u00e9curit\u00e9 alimentaire \u00e0 Laval, dont la grande r\u00e9colte pour les enfants, les paniers de No\u00ebl, la guignol\u00e9e des m\u00e9dias, l\u2019op\u00e9ration co\u00fbt de crayon et les d\u00e9jeuners-collations\" \/>\n<meta property=\"og:url\" content=\"https:\/\/benevolatlaval.qc.ca\/en\/activites-et-evenements\/\" \/>\n<meta property=\"og:site_name\" content=\"Centre de B\u00e9n\u00e9volat et Moisson Laval\" \/>\n<meta property=\"article:publisher\" content=\"https:\/\/www.facebook.com\/CBetML\" \/>\n<meta property=\"article:modified_time\" content=\"2024-10-22T20:41:27+00:00\" \/>\n<meta property=\"og:image\" content=\"https:\/\/benevolatlaval.qc.ca\/wp-content\/uploads\/2023\/06\/Prog.-Dejeuners-Collations_01-2.jpg\" \/>\n\t<meta property=\"og:image:width\" content=\"1024\" \/>\n\t<meta property=\"og:image:height\" content=\"681\" \/>\n\t<meta property=\"og:image:type\" content=\"image\/jpeg\" \/>\n<meta name=\"twitter:card\" content=\"summary_large_image\" \/>\n<meta name=\"twitter:title\" content=\"Activit\u00e9s annuelles du Centre de b\u00e9n\u00e9volat et moisson Laval\" \/>\n<meta name=\"twitter:description\" content=\"Campagnes et programmes pour contrer l\u2019ins\u00e9curit\u00e9 alimentaire \u00e0 Laval, dont la grande r\u00e9colte pour les enfants, les paniers de No\u00ebl, la guignol\u00e9e des m\u00e9dias, l\u2019op\u00e9ration co\u00fbt de crayon et les d\u00e9jeuners-collations\" \/>\n<meta name=\"twitter:image\" content=\"https:\/\/benevolatlaval.qc.ca\/wp-content\/uploads\/2023\/06\/Prog.-Dejeuners-Collations_01-2.jpg\" \/>\n<meta name=\"twitter:site\" content=\"@benevolatlaval\" \/>\n<meta name=\"twitter:label1\" content=\"Est. reading time\" \/>\n\t<meta name=\"twitter:data1\" content=\"1 minute\" \/>\n<script type=\"application\/ld+json\" class=\"yoast-schema-graph\">{\"@context\":\"https:\\\/\\\/schema.org\",\"@graph\":[{\"@type\":\"WebPage\",\"@id\":\"https:\\\/\\\/benevolatlaval.qc.ca\\\/en\\\/activites-et-evenements\\\/\",\"url\":\"https:\\\/\\\/benevolatlaval.qc.ca\\\/en\\\/activites-et-evenements\\\/\",\"name\":\"Activit\u00e9s annuelles du Centre de b\u00e9n\u00e9volat et moisson Laval\",\"isPartOf\":{\"@id\":\"https:\\\/\\\/benevolatlaval.qc.ca\\\/#website\"},\"datePublished\":\"2024-10-22T19:16:10+00:00\",\"dateModified\":\"2024-10-22T20:41:27+00:00\",\"description\":\"D\u00e9couvrez les diff\u00e9rentes campagnes et les programmes du Centre de b\u00e9n\u00e9volat et Moisson Laval\",\"breadcrumb\":{\"@id\":\"https:\\\/\\\/benevolatlaval.qc.ca\\\/en\\\/activites-et-evenements\\\/#breadcrumb\"},\"inLanguage\":\"en-CA\",\"potentialAction\":[{\"@type\":\"ReadAction\",\"target\":[\"https:\\\/\\\/benevolatlaval.qc.ca\\\/en\\\/activites-et-evenements\\\/\"]}]},{\"@type\":\"BreadcrumbList\",\"@id\":\"https:\\\/\\\/benevolatlaval.qc.ca\\\/en\\\/activites-et-evenements\\\/#breadcrumb\",\"itemListElement\":[{\"@type\":\"ListItem\",\"position\":1,\"name\":\"Accueil\",\"item\":\"https:\\\/\\\/benevolatlaval.qc.ca\\\/en\\\/\"},{\"@type\":\"ListItem\",\"position\":2,\"name\":\"Activities and Events\"}]},{\"@type\":\"WebSite\",\"@id\":\"https:\\\/\\\/benevolatlaval.qc.ca\\\/#website\",\"url\":\"https:\\\/\\\/benevolatlaval.qc.ca\\\/\",\"name\":\"Centre de b\u00e9n\u00e9volat et moisson Laval\",\"description\":\"Service d\u2019urgence d\u2019aide alimentaire \u00e0 Laval\",\"publisher\":{\"@id\":\"https:\\\/\\\/benevolatlaval.qc.ca\\\/#organization\"},\"alternateName\":\"CBML\",\"potentialAction\":[{\"@type\":\"SearchAction\",\"target\":{\"@type\":\"EntryPoint\",\"urlTemplate\":\"https:\\\/\\\/benevolatlaval.qc.ca\\\/?s={search_term_string}\"},\"query-input\":{\"@type\":\"PropertyValueSpecification\",\"valueRequired\":true,\"valueName\":\"search_term_string\"}}],\"inLanguage\":\"en-CA\"},{\"@type\":\"Organization\",\"@id\":\"https:\\\/\\\/benevolatlaval.qc.ca\\\/#organization\",\"name\":\"Le Centre de b\u00e9n\u00e9volat et moisson Laval\",\"alternateName\":\"CBML\",\"url\":\"https:\\\/\\\/benevolatlaval.qc.ca\\\/\",\"logo\":{\"@type\":\"ImageObject\",\"inLanguage\":\"en-CA\",\"@id\":\"https:\\\/\\\/benevolatlaval.qc.ca\\\/#\\\/schema\\\/logo\\\/image\\\/\",\"url\":\"https:\\\/\\\/benevolatlaval.qc.ca\\\/wp-content\\\/uploads\\\/2023\\\/08\\\/logo-laval.png\",\"contentUrl\":\"https:\\\/\\\/benevolatlaval.qc.ca\\\/wp-content\\\/uploads\\\/2023\\\/08\\\/logo-laval.png\",\"width\":300,\"height\":88,\"caption\":\"Le Centre de b\u00e9n\u00e9volat et moisson Laval\"},\"image\":{\"@id\":\"https:\\\/\\\/benevolatlaval.qc.ca\\\/#\\\/schema\\\/logo\\\/image\\\/\"},\"sameAs\":[\"https:\\\/\\\/www.facebook.com\\\/CBetML\",\"https:\\\/\\\/x.com\\\/benevolatlaval\",\"https:\\\/\\\/www.linkedin.com\\\/company\\\/centredebnvolatetmoissonlaval\\\/\",\"https:\\\/\\\/www.instagram.com\\\/moissonlaval\\\/\"]}]}<\/script>\n<!-- \/ Yoast SEO plugin. -->","yoast_head_json":{"title":"Activit\u00e9s annuelles du Centre de b\u00e9n\u00e9volat et moisson Laval","description":"D\u00e9couvrez les diff\u00e9rentes campagnes et les programmes du Centre de b\u00e9n\u00e9volat et Moisson Laval","robots":{"index":"index","follow":"follow","max-snippet":"max-snippet:-1","max-image-preview":"max-image-preview:large","max-video-preview":"max-video-preview:-1"},"canonical":"https:\/\/benevolatlaval.qc.ca\/en\/activites-et-evenements\/","og_locale":"en_US","og_type":"article","og_title":"Activit\u00e9s annuelles du Centre de b\u00e9n\u00e9volat et moisson Laval","og_description":"Campagnes et programmes pour contrer l\u2019ins\u00e9curit\u00e9 alimentaire \u00e0 Laval, dont la grande r\u00e9colte pour les enfants, les paniers de No\u00ebl, la guignol\u00e9e des m\u00e9dias, l\u2019op\u00e9ration co\u00fbt de crayon et les d\u00e9jeuners-collations","og_url":"https:\/\/benevolatlaval.qc.ca\/en\/activites-et-evenements\/","og_site_name":"Centre de B\u00e9n\u00e9volat et Moisson Laval","article_publisher":"https:\/\/www.facebook.com\/CBetML","article_modified_time":"2024-10-22T20:41:27+00:00","og_image":[{"width":1024,"height":681,"url":"https:\/\/benevolatlaval.qc.ca\/wp-content\/uploads\/2023\/06\/Prog.-Dejeuners-Collations_01-2.jpg","type":"image\/jpeg"}],"twitter_card":"summary_large_image","twitter_title":"Activit\u00e9s annuelles du Centre de b\u00e9n\u00e9volat et moisson Laval","twitter_description":"Campagnes et programmes pour contrer l\u2019ins\u00e9curit\u00e9 alimentaire \u00e0 Laval, dont la grande r\u00e9colte pour les enfants, les paniers de No\u00ebl, la guignol\u00e9e des m\u00e9dias, l\u2019op\u00e9ration co\u00fbt de crayon et les d\u00e9jeuners-collations","twitter_image":"https:\/\/benevolatlaval.qc.ca\/wp-content\/uploads\/2023\/06\/Prog.-Dejeuners-Collations_01-2.jpg","twitter_site":"@benevolatlaval","twitter_misc":{"Est. reading time":"1 minute"},"schema":{"@context":"https:\/\/schema.org","@graph":[{"@type":"WebPage","@id":"https:\/\/benevolatlaval.qc.ca\/en\/activites-et-evenements\/","url":"https:\/\/benevolatlaval.qc.ca\/en\/activites-et-evenements\/","name":"Activit\u00e9s annuelles du Centre de b\u00e9n\u00e9volat et moisson Laval","isPartOf":{"@id":"https:\/\/benevolatlaval.qc.ca\/#website"},"datePublished":"2024-10-22T19:16:10+00:00","dateModified":"2024-10-22T20:41:27+00:00","description":"D\u00e9couvrez les diff\u00e9rentes campagnes et les programmes du Centre de b\u00e9n\u00e9volat et Moisson Laval","breadcrumb":{"@id":"https:\/\/benevolatlaval.qc.ca\/en\/activites-et-evenements\/#breadcrumb"},"inLanguage":"en-CA","potentialAction":[{"@type":"ReadAction","target":["https:\/\/benevolatlaval.qc.ca\/en\/activites-et-evenements\/"]}]},{"@type":"BreadcrumbList","@id":"https:\/\/benevolatlaval.qc.ca\/en\/activites-et-evenements\/#breadcrumb","itemListElement":[{"@type":"ListItem","position":1,"name":"Accueil","item":"https:\/\/benevolatlaval.qc.ca\/en\/"},{"@type":"ListItem","position":2,"name":"Activities and Events"}]},{"@type":"WebSite","@id":"https:\/\/benevolatlaval.qc.ca\/#website","url":"https:\/\/benevolatlaval.qc.ca\/","name":"Centre de b\u00e9n\u00e9volat et moisson Laval","description":"Service d\u2019urgence d\u2019aide alimentaire \u00e0 Laval","publisher":{"@id":"https:\/\/benevolatlaval.qc.ca\/#organization"},"alternateName":"CBML","potentialAction":[{"@type":"SearchAction","target":{"@type":"EntryPoint","urlTemplate":"https:\/\/benevolatlaval.qc.ca\/?s={search_term_string}"},"query-input":{"@type":"PropertyValueSpecification","valueRequired":true,"valueName":"search_term_string"}}],"inLanguage":"en-CA"},{"@type":"Organization","@id":"https:\/\/benevolatlaval.qc.ca\/#organization","name":"Le Centre de b\u00e9n\u00e9volat et moisson Laval","alternateName":"CBML","url":"https:\/\/benevolatlaval.qc.ca\/","logo":{"@type":"ImageObject","inLanguage":"en-CA","@id":"https:\/\/benevolatlaval.qc.ca\/#\/schema\/logo\/image\/","url":"https:\/\/benevolatlaval.qc.ca\/wp-content\/uploads\/2023\/08\/logo-laval.png","contentUrl":"https:\/\/benevolatlaval.qc.ca\/wp-content\/uploads\/2023\/08\/logo-laval.png","width":300,"height":88,"caption":"Le Centre de b\u00e9n\u00e9volat et moisson Laval"},"image":{"@id":"https:\/\/benevolatlaval.qc.ca\/#\/schema\/logo\/image\/"},"sameAs":["https:\/\/www.facebook.com\/CBetML","https:\/\/x.com\/benevolatlaval","https:\/\/www.linkedin.com\/company\/centredebnvolatetmoissonlaval\/","https:\/\/www.instagram.com\/moissonlaval\/"]}]}},"_links":{"self":[{"href":"https:\/\/benevolatlaval.qc.ca\/en\/wp-json\/wp\/v2\/pages\/1395","targetHints":{"allow":["GET"]}}],"collection":[{"href":"https:\/\/benevolatlaval.qc.ca\/en\/wp-json\/wp\/v2\/pages"}],"about":[{"href":"https:\/\/benevolatlaval.qc.ca\/en\/wp-json\/wp\/v2\/types\/page"}],"author":[{"embeddable":true,"href":"https:\/\/benevolatlaval.qc.ca\/en\/wp-json\/wp\/v2\/users\/1"}],"replies":[{"embeddable":true,"href":"https:\/\/benevolatlaval.qc.ca\/en\/wp-json\/wp\/v2\/comments?post=1395"}],"version-history":[{"count":2,"href":"https:\/\/benevolatlaval.qc.ca\/en\/wp-json\/wp\/v2\/pages\/1395\/revisions"}],"predecessor-version":[{"id":1397,"href":"https:\/\/benevolatlaval.qc.ca\/en\/wp-json\/wp\/v2\/pages\/1395\/revisions\/1397"}],"wp:attachment":[{"href":"https:\/\/benevolatlaval.qc.ca\/en\/wp-json\/wp\/v2\/media?parent=1395"}],"curies":[{"name":"wp","href":"https:\/\/api.w.org\/{rel}","templated":true}]}}